{"id":67,"date":"2025-06-15T17:04:14","date_gmt":"2025-06-15T20:04:14","guid":{"rendered":"https:\/\/13sentidos.com\/?page_id=67"},"modified":"2025-06-15T17:04:14","modified_gmt":"2025-06-15T20:04:14","slug":"politica-de-privacidade-2","status":"publish","type":"page","link":"https:\/\/13sentidos.com\/index.php\/politica-de-privacidade-2\/","title":{"rendered":"Pol\u00edtica de privacidade"},"content":{"rendered":"\n<h2 class=\"wp-block-heading\">Quem somos<\/h2>\n\n\n\n<p class=\"wp-block-paragraph\"><strong class=\"privacy-policy-tutorial\"> <\/strong>O endere\u00e7o do nosso site \u00e9: https:\/\/13sentidos.com.<\/p>\n\n\n\n<h2 class=\"wp-block-heading\">Coment\u00e1rios<\/h2>\n\n\n\n<p class=\"wp-block-paragraph\">Nosso site n\u00e3o aceita coment\u00e1rios.<\/p>\n\n\n\n<h2 class=\"wp-block-heading\">M\u00eddia<\/h2>\n\n\n\n<p class=\"wp-block-paragraph\">As pessoas com sua imagem constante em fotos de ensaios dispon\u00edveis neste site forneceram autoriza\u00e7\u00e3o  por escrito, conforme exigido pela LGPD e est\u00e3o em posse da 13Sentidos.<br>Se sua imagem foi capturada em local p\u00fablico e deseja que seja exclu\u00edda, entre em contato conosco.<\/p>\n\n\n\n<h2 class=\"wp-block-heading\">Cookies<\/h2>\n\n\n\n<p class=\"wp-block-paragraph\">Se voc\u00ea tem uma conta e acessa este site, um cookie tempor\u00e1rio ser\u00e1 criado para determinar se seu navegador aceita cookies. Ele n\u00e3o cont\u00e9m nenhum dado pessoal e ser\u00e1 descartado quando voc\u00ea fechar seu navegador.<\/p>\n\n\n\n<p class=\"wp-block-paragraph\">Quando voc\u00ea acessa sua conta no site, tamb\u00e9m criamos v\u00e1rios cookies para salvar os dados da sua conta e suas escolhas de exibi\u00e7\u00e3o de tela. Cookies de login s\u00e3o mantidos por dois dias e cookies de op\u00e7\u00f5es de tela por um ano. Se voc\u00ea selecionar &#8220;Lembrar-me&#8221;, seu acesso ser\u00e1 mantido por duas semanas. Se voc\u00ea se desconectar da sua conta, os cookies de login ser\u00e3o removidos.<\/p>\n\n\n\n<p class=\"wp-block-paragraph\">Se voc\u00ea editar ou publicar um artigo, um cookie adicional ser\u00e1 salvo no seu navegador. Este cookie n\u00e3o inclui nenhum dado pessoal e simplesmente indica o ID do post referente ao artigo que voc\u00ea acabou de editar. Ele expira depois de 1 dia.<\/p>\n\n\n\n<h2 class=\"wp-block-heading\">M\u00eddia incorporada de outros sites<\/h2>\n\n\n\n<p class=\"wp-block-paragraph\">Artigos neste site podem incluir conte\u00fado incorporado como, por exemplo, v\u00eddeos, imagens, artigos, etc. Conte\u00fados incorporados de outros sites se comportam exatamente da mesma forma como se o visitante estivesse visitando o outro site.<\/p>\n\n\n\n<p class=\"wp-block-paragraph\">Estes sites podem coletar dados sobre voc\u00ea, usar cookies, incorporar rastreamento adicional de terceiros e monitorar sua intera\u00e7\u00e3o com este conte\u00fado incorporado, incluindo sua intera\u00e7\u00e3o com o conte\u00fado incorporado se voc\u00ea tem uma conta e est\u00e1 conectado com o site.<\/p>\n\n\n\n<h2 class=\"wp-block-heading\">Quais os seus direitos sobre seus dados<\/h2>\n\n\n\n<p class=\"has-medium-font-size wp-block-paragraph\">\u00c9 poss\u00edvel solicitar que removamos qualquer dado pessoal que mantemos sobre voc\u00ea. Isto n\u00e3o inclui nenhum dados que somos obrigados a manter para prop\u00f3sitos administrativos, legais ou de seguran\u00e7a.<\/p>\n\n\n\n<h2 class=\"wp-block-heading\">Para onde seus dados s\u00e3o enviados<\/h2>\n\n\n\n<p class=\"wp-block-paragraph\">Coment\u00e1rios de visitantes podem ser marcados por um servi\u00e7o autom\u00e1tico de detec\u00e7\u00e3o de spam.<\/p>\n","protected":false},"excerpt":{"rendered":"<p>Quem somos O endere\u00e7o do nosso site \u00e9: https:\/\/13sentidos.com. Coment\u00e1rios Nosso site n\u00e3o aceita coment\u00e1rios. M\u00eddia As pessoas com sua&hellip;<\/p>\n","protected":false},"author":1,"featured_media":0,"parent":0,"menu_order":0,"comment_status":"closed","ping_status":"closed","template":"","meta":{"_crdt_document":"","footnotes":""},"class_list":["post-67","page","type-page","status-publish","hentry"],"_links":{"self":[{"href":"https:\/\/13sentidos.com\/index.php\/wp-json\/wp\/v2\/pages\/67","targetHints":{"allow":["GET"]}}],"collection":[{"href":"https:\/\/13sentidos.com\/index.php\/wp-json\/wp\/v2\/pages"}],"about":[{"href":"https:\/\/13sentidos.com\/index.php\/wp-json\/wp\/v2\/types\/page"}],"author":[{"embeddable":true,"href":"https:\/\/13sentidos.com\/index.php\/wp-json\/wp\/v2\/users\/1"}],"replies":[{"embeddable":true,"href":"https:\/\/13sentidos.com\/index.php\/wp-json\/wp\/v2\/comments?post=67"}],"version-history":[{"count":1,"href":"https:\/\/13sentidos.com\/index.php\/wp-json\/wp\/v2\/pages\/67\/revisions"}],"predecessor-version":[{"id":68,"href":"https:\/\/13sentidos.com\/index.php\/wp-json\/wp\/v2\/pages\/67\/revisions\/68"}],"wp:attachment":[{"href":"https:\/\/13sentidos.com\/index.php\/wp-json\/wp\/v2\/media?parent=67"}],"curies":[{"name":"wp","href":"https:\/\/api.w.org\/{rel}","templated":true}]}}